{"id":1252,"date":"2023-02-21T19:48:13","date_gmt":"2023-02-21T19:48:13","guid":{"rendered":"http:\/\/localhost:8888\/brc\/?post_type=product&#038;p=1252"},"modified":"2023-02-21T19:48:13","modified_gmt":"2023-02-21T19:48:13","slug":"ron-santisima-trinidad-elaboracion-tradicional-15-anos-2","status":"publish","type":"product","link":"https:\/\/bodegarondelcaribe.com\/?product=ron-santisima-trinidad-elaboracion-tradicional-15-anos-2&lang=en","title":{"rendered":"Ron Sant\u00edsima Trinidad Elaboraci\u00f3n Tradicional 15 A\u00f1os"},"content":{"rendered":"","protected":false},"excerpt":{"rendered":"<p class=\"p1\"><span class=\"s1\"><b>Product: <\/b><\/span><b>Ron Sant\u00edsima Trinidad Elaboraci\u00f3n Tradicional \/ 15 A\u00f1os<\/b><\/p>\n<p class=\"p1\"><span class=\"s1\"><b>Brand: <\/b><\/span>Ron Sant\u00edsima Trinidad<\/p>\n<p class=\"p2\"><b>Producer<\/b>: Tecnoaz\u00facar Cuba y Destiler\u00edas MG S.L.<\/p>\n<p class=\"p2\"><b>Alcohol %: <\/b>40,7% alc\/vol<\/p>\n<p class=\"p2\"><b>Capacity: <\/b>700 ml<\/p>\n<p class=\"p2\"><b>Country of Origin:<\/b> Cuba<\/p>\n","protected":false},"featured_media":1251,"template":"","meta":[],"product_brand":[],"product_cat":[185],"product_tag":[],"pais":[284],"class_list":{"0":"post-1252","1":"product","2":"type-product","3":"status-publish","4":"has-post-thumbnail","6":"product_cat-cuba-en","7":"pais-cuba","9":"first","10":"instock","11":"shipping-taxable","12":"product-type-simple"},"_links":{"self":[{"href":"https:\/\/bodegarondelcaribe.com\/index.php?rest_route=\/wp\/v2\/product\/1252","targetHints":{"allow":["GET"]}}],"collection":[{"href":"https:\/\/bodegarondelcaribe.com\/index.php?rest_route=\/wp\/v2\/product"}],"about":[{"href":"https:\/\/bodegarondelcaribe.com\/index.php?rest_route=\/wp\/v2\/types\/product"}],"wp:featuredmedia":[{"embeddable":true,"href":"https:\/\/bodegarondelcaribe.com\/index.php?rest_route=\/wp\/v2\/media\/1251"}],"wp:attachment":[{"href":"https:\/\/bodegarondelcaribe.com\/index.php?rest_route=%2Fwp%2Fv2%2Fmedia&parent=1252"}],"wp:term":[{"taxonomy":"product_brand","embeddable":true,"href":"https:\/\/bodegarondelcaribe.com\/index.php?rest_route=%2Fwp%2Fv2%2Fproduct_brand&post=1252"},{"taxonomy":"product_cat","embeddable":true,"href":"https:\/\/bodegarondelcaribe.com\/index.php?rest_route=%2Fwp%2Fv2%2Fproduct_cat&post=1252"},{"taxonomy":"product_tag","embeddable":true,"href":"https:\/\/bodegarondelcaribe.com\/index.php?rest_route=%2Fwp%2Fv2%2Fproduct_tag&post=1252"},{"taxonomy":"pais","embeddable":true,"href":"https:\/\/bodegarondelcaribe.com\/index.php?rest_route=%2Fwp%2Fv2%2Fpais&post=1252"}],"curies":[{"name":"wp","href":"https:\/\/api.w.org\/{rel}","templated":true}]}}