{"id":1591,"date":"2023-03-21T19:41:41","date_gmt":"2023-03-21T19:41:41","guid":{"rendered":"http:\/\/localhost:8888\/brc\/?post_type=product&#038;p=1591"},"modified":"2023-03-21T19:41:41","modified_gmt":"2023-03-21T19:41:41","slug":"ron-yacare-anejo-2","status":"publish","type":"product","link":"https:\/\/bodegarondelcaribe.com\/?product=ron-yacare-anejo-2&lang=en","title":{"rendered":"Ron Yacar\u00e9 A\u00f1ejo"},"content":{"rendered":"","protected":false},"excerpt":{"rendered":"<p><b>Product: Ron Yacar\u00e9 A\u00f1ejo<\/b><\/p>\n<p><b>Brand: <\/b><span style=\"font-weight: 400;\">Ron Yacar\u00e9<\/span><\/p>\n<p><b>Producer<\/b><span style=\"font-weight: 400;\">: Teichenn\u00e9 S.A<\/span><\/p>\n<p><b>Alcohol %:<\/b><span style=\"font-weight: 400;\"> 37,5 % alc\/vol<\/span><\/p>\n<p><b>Capacity: <\/b><span style=\"font-weight: 400;\">700 ml<\/span><\/p>\n<p><b>Country of Origin:<\/b><span style=\"font-weight: 400;\"> Spain<\/span><\/p>\n","protected":false},"featured_media":1590,"template":"","meta":[],"product_brand":[],"product_cat":[239],"product_tag":[],"pais":[292],"class_list":{"0":"post-1591","1":"product","2":"type-product","3":"status-publish","4":"has-post-thumbnail","6":"product_cat-spain","7":"pais-espana","9":"first","10":"instock","11":"shipping-taxable","12":"product-type-simple"},"_links":{"self":[{"href":"https:\/\/bodegarondelcaribe.com\/index.php?rest_route=\/wp\/v2\/product\/1591","targetHints":{"allow":["GET"]}}],"collection":[{"href":"https:\/\/bodegarondelcaribe.com\/index.php?rest_route=\/wp\/v2\/product"}],"about":[{"href":"https:\/\/bodegarondelcaribe.com\/index.php?rest_route=\/wp\/v2\/types\/product"}],"wp:featuredmedia":[{"embeddable":true,"href":"https:\/\/bodegarondelcaribe.com\/index.php?rest_route=\/wp\/v2\/media\/1590"}],"wp:attachment":[{"href":"https:\/\/bodegarondelcaribe.com\/index.php?rest_route=%2Fwp%2Fv2%2Fmedia&parent=1591"}],"wp:term":[{"taxonomy":"product_brand","embeddable":true,"href":"https:\/\/bodegarondelcaribe.com\/index.php?rest_route=%2Fwp%2Fv2%2Fproduct_brand&post=1591"},{"taxonomy":"product_cat","embeddable":true,"href":"https:\/\/bodegarondelcaribe.com\/index.php?rest_route=%2Fwp%2Fv2%2Fproduct_cat&post=1591"},{"taxonomy":"product_tag","embeddable":true,"href":"https:\/\/bodegarondelcaribe.com\/index.php?rest_route=%2Fwp%2Fv2%2Fproduct_tag&post=1591"},{"taxonomy":"pais","embeddable":true,"href":"https:\/\/bodegarondelcaribe.com\/index.php?rest_route=%2Fwp%2Fv2%2Fpais&post=1591"}],"curies":[{"name":"wp","href":"https:\/\/api.w.org\/{rel}","templated":true}]}}