{"id":1661,"date":"2023-03-28T12:47:57","date_gmt":"2023-03-28T12:47:57","guid":{"rendered":"http:\/\/localhost:8888\/brc\/?post_type=product&#038;p=1661"},"modified":"2023-03-28T12:48:51","modified_gmt":"2023-03-28T12:48:51","slug":"ron-flor-de-cana-centenario-12-anos-3","status":"publish","type":"product","link":"https:\/\/bodegarondelcaribe.com\/?product=ron-flor-de-cana-centenario-12-anos-3","title":{"rendered":"Ron Flor de Ca\u00f1a Centenario 12 A\u00f1os"},"content":{"rendered":"","protected":false},"excerpt":{"rendered":"<p><b>Producto: Ron Flor de Ca\u00f1a Centenario 12 A\u00f1os<\/b><\/p>\n<p><b>Marca: <\/b><span style=\"font-weight: 400;\">Ron Flor de Ca\u00f1a<\/span><\/p>\n<p><b>Productor<\/b><span style=\"font-weight: 400;\">:\u00a0 Compa\u00f1\u00eda Licorera de Nicaragua S.A.<\/span><\/p>\n<p><b>Grado Alcoh\u00f3lico: <\/b><span style=\"font-weight: 400;\">40% alc\/vol<\/span><\/p>\n<p><b>Capacidad: <\/b><span style=\"font-weight: 400;\">750 ml<\/span><\/p>\n<p><b>Pa\u00eds de Origen:<\/b><span style=\"font-weight: 400;\"> Nicaragua<\/span><\/p>\n<p><b>P\u00e1gina web:\u00a0<\/b><a href=\"http:\/\/www.flordecana.com\"><span style=\"font-weight: 400;\">www.flordecana.com<\/span><\/a><\/p>\n","protected":false},"featured_media":1662,"template":"","meta":[],"product_brand":[],"product_cat":[76],"product_tag":[],"pais":[321],"class_list":{"0":"post-1661","1":"product","2":"type-product","3":"status-publish","4":"has-post-thumbnail","6":"product_cat-nicaragua-es","7":"pais-nicaragua","9":"first","10":"instock","11":"shipping-taxable","12":"product-type-simple"},"_links":{"self":[{"href":"https:\/\/bodegarondelcaribe.com\/index.php?rest_route=\/wp\/v2\/product\/1661","targetHints":{"allow":["GET"]}}],"collection":[{"href":"https:\/\/bodegarondelcaribe.com\/index.php?rest_route=\/wp\/v2\/product"}],"about":[{"href":"https:\/\/bodegarondelcaribe.com\/index.php?rest_route=\/wp\/v2\/types\/product"}],"wp:featuredmedia":[{"embeddable":true,"href":"https:\/\/bodegarondelcaribe.com\/index.php?rest_route=\/wp\/v2\/media\/1662"}],"wp:attachment":[{"href":"https:\/\/bodegarondelcaribe.com\/index.php?rest_route=%2Fwp%2Fv2%2Fmedia&parent=1661"}],"wp:term":[{"taxonomy":"product_brand","embeddable":true,"href":"https:\/\/bodegarondelcaribe.com\/index.php?rest_route=%2Fwp%2Fv2%2Fproduct_brand&post=1661"},{"taxonomy":"product_cat","embeddable":true,"href":"https:\/\/bodegarondelcaribe.com\/index.php?rest_route=%2Fwp%2Fv2%2Fproduct_cat&post=1661"},{"taxonomy":"product_tag","embeddable":true,"href":"https:\/\/bodegarondelcaribe.com\/index.php?rest_route=%2Fwp%2Fv2%2Fproduct_tag&post=1661"},{"taxonomy":"pais","embeddable":true,"href":"https:\/\/bodegarondelcaribe.com\/index.php?rest_route=%2Fwp%2Fv2%2Fpais&post=1661"}],"curies":[{"name":"wp","href":"https:\/\/api.w.org\/{rel}","templated":true}]}}