{"id":1690,"date":"2023-03-29T15:02:54","date_gmt":"2023-03-29T15:02:54","guid":{"rendered":"http:\/\/localhost:8888\/brc\/?post_type=product&#038;p=1690"},"modified":"2023-03-29T15:03:44","modified_gmt":"2023-03-29T15:03:44","slug":"ron-abuelo-anejo-7-anos","status":"publish","type":"product","link":"https:\/\/bodegarondelcaribe.com\/?product=ron-abuelo-anejo-7-anos","title":{"rendered":"Ron Abuelo A\u00f1ejo 7 A\u00f1os"},"content":{"rendered":"","protected":false},"excerpt":{"rendered":"<p><b>Producto: Ron Abuelo A\u00f1ejo 7 A\u00f1os<\/b><\/p>\n<p><b>Marca: <\/b><span style=\"font-weight: 400;\">Ron Abuelo<\/span><\/p>\n<p><b>Productor<\/b><span style=\"font-weight: 400;\">:\u00a0 Varela Hermanos S.A<\/span><\/p>\n<p><b>Grado Alcoh\u00f3lico: <\/b><span style=\"font-weight: 400;\">37,5% alc\/vol<\/span><\/p>\n<p><b>Capacidad: <\/b><span style=\"font-weight: 400;\">750 ml<\/span><\/p>\n<p><b>Pa\u00eds de Origen:<\/b><span style=\"font-weight: 400;\"> Panam\u00e1<\/span><\/p>\n","protected":false},"featured_media":1691,"template":"","meta":[],"product_brand":[],"product_cat":[77],"product_tag":[],"pais":[323],"class_list":{"0":"post-1690","1":"product","2":"type-product","3":"status-publish","4":"has-post-thumbnail","6":"product_cat-panama-es","7":"pais-panama","9":"first","10":"instock","11":"shipping-taxable","12":"product-type-simple"},"_links":{"self":[{"href":"https:\/\/bodegarondelcaribe.com\/index.php?rest_route=\/wp\/v2\/product\/1690","targetHints":{"allow":["GET"]}}],"collection":[{"href":"https:\/\/bodegarondelcaribe.com\/index.php?rest_route=\/wp\/v2\/product"}],"about":[{"href":"https:\/\/bodegarondelcaribe.com\/index.php?rest_route=\/wp\/v2\/types\/product"}],"wp:featuredmedia":[{"embeddable":true,"href":"https:\/\/bodegarondelcaribe.com\/index.php?rest_route=\/wp\/v2\/media\/1691"}],"wp:attachment":[{"href":"https:\/\/bodegarondelcaribe.com\/index.php?rest_route=%2Fwp%2Fv2%2Fmedia&parent=1690"}],"wp:term":[{"taxonomy":"product_brand","embeddable":true,"href":"https:\/\/bodegarondelcaribe.com\/index.php?rest_route=%2Fwp%2Fv2%2Fproduct_brand&post=1690"},{"taxonomy":"product_cat","embeddable":true,"href":"https:\/\/bodegarondelcaribe.com\/index.php?rest_route=%2Fwp%2Fv2%2Fproduct_cat&post=1690"},{"taxonomy":"product_tag","embeddable":true,"href":"https:\/\/bodegarondelcaribe.com\/index.php?rest_route=%2Fwp%2Fv2%2Fproduct_tag&post=1690"},{"taxonomy":"pais","embeddable":true,"href":"https:\/\/bodegarondelcaribe.com\/index.php?rest_route=%2Fwp%2Fv2%2Fpais&post=1690"}],"curies":[{"name":"wp","href":"https:\/\/api.w.org\/{rel}","templated":true}]}}