{"id":814,"date":"2023-02-07T14:38:29","date_gmt":"2023-02-07T14:38:29","guid":{"rendered":"http:\/\/localhost:8888\/brc\/?post_type=product&#038;p=814"},"modified":"2023-02-07T14:38:29","modified_gmt":"2023-02-07T14:38:29","slug":"ron-medellin-extra-anejo-2","status":"publish","type":"product","link":"https:\/\/bodegarondelcaribe.com\/?product=ron-medellin-extra-anejo-2&lang=en","title":{"rendered":"Ron Medell\u00edn Extra A\u00f1ejo"},"content":{"rendered":"","protected":false},"excerpt":{"rendered":"<p><b>Product: Ron Medell\u00edn Extra A\u00f1ejo<\/b><\/p>\n<p><b>Brand: <\/b><span style=\"font-weight: 400;\">Ron Medell\u00edn<\/span><\/p>\n<p><b>Producer<\/b><span style=\"font-weight: 400;\">: Fabrica de Licores de Antioquia\u00a0<\/span><\/p>\n<p><b>Alcohol %: <\/b><span style=\"font-weight: 400;\">39% alc\/vol<\/span><\/p>\n<p><b>Capacity: <\/b><span style=\"font-weight: 400;\">750 ml<\/span><\/p>\n<p><b>Country of Origin:<\/b><span style=\"font-weight: 400;\"> Colombia<\/span><\/p>\n<p><b>Web Page: <\/b><a href=\"http:\/\/www.ronmedellinanejo.com\"><span style=\"font-weight: 400;\">www.ronmedellinanejo.com<\/span><\/a><\/p>\n","protected":false},"featured_media":813,"template":"","meta":[],"product_brand":[],"product_cat":[181],"product_tag":[],"pais":[],"class_list":{"0":"post-814","1":"product","2":"type-product","3":"status-publish","4":"has-post-thumbnail","6":"product_cat-colombia-en","8":"first","9":"instock","10":"shipping-taxable","11":"product-type-simple"},"_links":{"self":[{"href":"https:\/\/bodegarondelcaribe.com\/index.php?rest_route=\/wp\/v2\/product\/814","targetHints":{"allow":["GET"]}}],"collection":[{"href":"https:\/\/bodegarondelcaribe.com\/index.php?rest_route=\/wp\/v2\/product"}],"about":[{"href":"https:\/\/bodegarondelcaribe.com\/index.php?rest_route=\/wp\/v2\/types\/product"}],"wp:featuredmedia":[{"embeddable":true,"href":"https:\/\/bodegarondelcaribe.com\/index.php?rest_route=\/wp\/v2\/media\/813"}],"wp:attachment":[{"href":"https:\/\/bodegarondelcaribe.com\/index.php?rest_route=%2Fwp%2Fv2%2Fmedia&parent=814"}],"wp:term":[{"taxonomy":"product_brand","embeddable":true,"href":"https:\/\/bodegarondelcaribe.com\/index.php?rest_route=%2Fwp%2Fv2%2Fproduct_brand&post=814"},{"taxonomy":"product_cat","embeddable":true,"href":"https:\/\/bodegarondelcaribe.com\/index.php?rest_route=%2Fwp%2Fv2%2Fproduct_cat&post=814"},{"taxonomy":"product_tag","embeddable":true,"href":"https:\/\/bodegarondelcaribe.com\/index.php?rest_route=%2Fwp%2Fv2%2Fproduct_tag&post=814"},{"taxonomy":"pais","embeddable":true,"href":"https:\/\/bodegarondelcaribe.com\/index.php?rest_route=%2Fwp%2Fv2%2Fpais&post=814"}],"curies":[{"name":"wp","href":"https:\/\/api.w.org\/{rel}","templated":true}]}}