{"id":832,"date":"2023-02-07T15:09:18","date_gmt":"2023-02-07T15:09:18","guid":{"rendered":"http:\/\/localhost:8888\/brc\/?post_type=product&#038;p=832"},"modified":"2023-02-07T15:09:46","modified_gmt":"2023-02-07T15:09:46","slug":"ron-cana-de-magdalena-anejo-2","status":"publish","type":"product","link":"https:\/\/bodegarondelcaribe.com\/?product=ron-cana-de-magdalena-anejo-2&lang=en","title":{"rendered":"Ron Ca\u00f1a de Magdalena A\u00f1ejo"},"content":{"rendered":"<p><b>Product: Ron Ca\u00f1a de Magdalena A\u00f1ejo<\/b><\/p>\n<p><b>Brand: <\/b><span style=\"font-weight: 400;\">Ron Ca\u00f1a de Magdalena<\/span><\/p>\n<p><b>Producer<\/b><span style=\"font-weight: 400;\">: Casa Santana Ron y Licores S.A.S.<\/span><\/p>\n<p><b>Alcohol %: <\/b><span style=\"font-weight: 400;\">35% alc\/vol<\/span><\/p>\n<p><b>Capacity: <\/b><span style=\"font-weight: 400;\">750 ml<\/span><\/p>\n<p><b>Country of Origin:<\/b><span style=\"font-weight: 400;\"> Colombia<\/span><\/p>\n<p><b>Web Page: <\/b><a href=\"http:\/\/www.casasantana.com.co\"><span style=\"font-weight: 400;\">www.casasantana.com.co<\/span><\/a><\/p>\n","protected":false},"excerpt":{"rendered":"<p>Product: Ron Ca\u00f1a de Magdalena A\u00f1ejo Brand: Ron Ca\u00f1a de Magdalena Producer: Casa Santana Ron y Licores S.A.S. Alcohol %: 35% alc\/vol Capacity: 750 ml Country of Origin: Colombia Web&#8230;<\/p>\n","protected":false},"featured_media":831,"template":"","meta":[],"product_brand":[],"product_cat":[181],"product_tag":[],"pais":[],"class_list":{"0":"post-832","1":"product","2":"type-product","3":"status-publish","4":"has-post-thumbnail","6":"product_cat-colombia-en","8":"first","9":"instock","10":"shipping-taxable","11":"product-type-simple"},"_links":{"self":[{"href":"https:\/\/bodegarondelcaribe.com\/index.php?rest_route=\/wp\/v2\/product\/832","targetHints":{"allow":["GET"]}}],"collection":[{"href":"https:\/\/bodegarondelcaribe.com\/index.php?rest_route=\/wp\/v2\/product"}],"about":[{"href":"https:\/\/bodegarondelcaribe.com\/index.php?rest_route=\/wp\/v2\/types\/product"}],"wp:featuredmedia":[{"embeddable":true,"href":"https:\/\/bodegarondelcaribe.com\/index.php?rest_route=\/wp\/v2\/media\/831"}],"wp:attachment":[{"href":"https:\/\/bodegarondelcaribe.com\/index.php?rest_route=%2Fwp%2Fv2%2Fmedia&parent=832"}],"wp:term":[{"taxonomy":"product_brand","embeddable":true,"href":"https:\/\/bodegarondelcaribe.com\/index.php?rest_route=%2Fwp%2Fv2%2Fproduct_brand&post=832"},{"taxonomy":"product_cat","embeddable":true,"href":"https:\/\/bodegarondelcaribe.com\/index.php?rest_route=%2Fwp%2Fv2%2Fproduct_cat&post=832"},{"taxonomy":"product_tag","embeddable":true,"href":"https:\/\/bodegarondelcaribe.com\/index.php?rest_route=%2Fwp%2Fv2%2Fproduct_tag&post=832"},{"taxonomy":"pais","embeddable":true,"href":"https:\/\/bodegarondelcaribe.com\/index.php?rest_route=%2Fwp%2Fv2%2Fpais&post=832"}],"curies":[{"name":"wp","href":"https:\/\/api.w.org\/{rel}","templated":true}]}}