{"id":854,"date":"2023-02-07T15:30:30","date_gmt":"2023-02-07T15:30:30","guid":{"rendered":"http:\/\/localhost:8888\/brc\/?post_type=product&#038;p=854"},"modified":"2023-02-07T15:32:55","modified_gmt":"2023-02-07T15:32:55","slug":"ron-cana-anejo-especial","status":"publish","type":"product","link":"https:\/\/bodegarondelcaribe.com\/?product=ron-cana-anejo-especial","title":{"rendered":"Ron Ca\u00f1a A\u00f1ejo Especial"},"content":{"rendered":"","protected":false},"excerpt":{"rendered":"<p><b>Producto: Ron Ca\u00f1a A\u00f1ejo Especial<\/b><\/p>\n<p><b>Marca: <\/b><span style=\"font-weight: 400;\">Ron Ca\u00f1a<\/span><\/p>\n<p><b>Productor<\/b><span style=\"font-weight: 400;\">:\u00a0 Santana Liquors SA<\/span><\/p>\n<p><b>Grado Alcoh\u00f3lico: <\/b><span style=\"font-weight: 400;\">35% alc\/vol<\/span><\/p>\n<p><b>Capacidad: <\/b><span style=\"font-weight: 400;\">750 ml<\/span><\/p>\n<p><b>Pa\u00eds de Origen:<\/b><span style=\"font-weight: 400;\"> Colombia<\/span><\/p>\n<p><b>P\u00e1gina web: <\/b><a href=\"http:\/\/www.casasantana.com.co\"><span style=\"font-weight: 400;\">www.casasantana.com.co<\/span><\/a><\/p>\n","protected":false},"featured_media":855,"template":"","meta":[],"product_brand":[],"product_cat":[62],"product_tag":[],"pais":[],"class_list":{"0":"post-854","1":"product","2":"type-product","3":"status-publish","4":"has-post-thumbnail","6":"product_cat-colombia-es","8":"first","9":"instock","10":"virtual","11":"product-type-simple"},"_links":{"self":[{"href":"https:\/\/bodegarondelcaribe.com\/index.php?rest_route=\/wp\/v2\/product\/854","targetHints":{"allow":["GET"]}}],"collection":[{"href":"https:\/\/bodegarondelcaribe.com\/index.php?rest_route=\/wp\/v2\/product"}],"about":[{"href":"https:\/\/bodegarondelcaribe.com\/index.php?rest_route=\/wp\/v2\/types\/product"}],"wp:featuredmedia":[{"embeddable":true,"href":"https:\/\/bodegarondelcaribe.com\/index.php?rest_route=\/wp\/v2\/media\/855"}],"wp:attachment":[{"href":"https:\/\/bodegarondelcaribe.com\/index.php?rest_route=%2Fwp%2Fv2%2Fmedia&parent=854"}],"wp:term":[{"taxonomy":"product_brand","embeddable":true,"href":"https:\/\/bodegarondelcaribe.com\/index.php?rest_route=%2Fwp%2Fv2%2Fproduct_brand&post=854"},{"taxonomy":"product_cat","embeddable":true,"href":"https:\/\/bodegarondelcaribe.com\/index.php?rest_route=%2Fwp%2Fv2%2Fproduct_cat&post=854"},{"taxonomy":"product_tag","embeddable":true,"href":"https:\/\/bodegarondelcaribe.com\/index.php?rest_route=%2Fwp%2Fv2%2Fproduct_tag&post=854"},{"taxonomy":"pais","embeddable":true,"href":"https:\/\/bodegarondelcaribe.com\/index.php?rest_route=%2Fwp%2Fv2%2Fpais&post=854"}],"curies":[{"name":"wp","href":"https:\/\/api.w.org\/{rel}","templated":true}]}}