{"id":932,"date":"2023-02-09T14:18:02","date_gmt":"2023-02-09T14:18:02","guid":{"rendered":"http:\/\/localhost:8888\/brc\/?post_type=product&#038;p=932"},"modified":"2023-02-09T14:18:02","modified_gmt":"2023-02-09T14:18:02","slug":"ron-botran-anejo-anejo-sistema-solera-12","status":"publish","type":"product","link":"https:\/\/bodegarondelcaribe.com\/?product=ron-botran-anejo-anejo-sistema-solera-12","title":{"rendered":"Ron Botran A\u00f1ejo &#8211; A\u00f1ejo Sistema Solera 12"},"content":{"rendered":"","protected":false},"excerpt":{"rendered":"<p><b>Producto: Ron Botran A\u00f1ejo &#8211; A\u00f1ejo Sistema Solera 12<\/b><\/p>\n<p><b>Marca: <\/b><span style=\"font-weight: 400;\">Ron Botran <\/span><b>Productor<\/b><span style=\"font-weight: 400;\">: Industria Licorera Quezalteca S.A.<\/span><\/p>\n<p><b>Grado Alcoh\u00f3lico: <\/b><span style=\"font-weight: 400;\">40<\/span> <span style=\"font-weight: 400;\">% alc\/vol<\/span><\/p>\n<p><b>Capacidad: <\/b><span style=\"font-weight: 400;\">750 ml<\/span><\/p>\n<p><b>Pa\u00eds de Origen:<\/b><span style=\"font-weight: 400;\"> Guatemala<\/span><\/p>\n<p><b>P\u00e1gina web:\u00a0 <\/b><a href=\"http:\/\/www.botranrums.com\"><span style=\"font-weight: 400;\">www.botranrums.com<\/span><\/a><\/p>\n","protected":false},"featured_media":933,"template":"","meta":[],"product_brand":[],"product_cat":[47],"product_tag":[],"pais":[296],"class_list":{"0":"post-932","1":"product","2":"type-product","3":"status-publish","4":"has-post-thumbnail","6":"product_cat-guatemala-es","7":"pais-guatemala","9":"first","10":"instock","11":"shipping-taxable","12":"product-type-simple"},"_links":{"self":[{"href":"https:\/\/bodegarondelcaribe.com\/index.php?rest_route=\/wp\/v2\/product\/932","targetHints":{"allow":["GET"]}}],"collection":[{"href":"https:\/\/bodegarondelcaribe.com\/index.php?rest_route=\/wp\/v2\/product"}],"about":[{"href":"https:\/\/bodegarondelcaribe.com\/index.php?rest_route=\/wp\/v2\/types\/product"}],"wp:featuredmedia":[{"embeddable":true,"href":"https:\/\/bodegarondelcaribe.com\/index.php?rest_route=\/wp\/v2\/media\/933"}],"wp:attachment":[{"href":"https:\/\/bodegarondelcaribe.com\/index.php?rest_route=%2Fwp%2Fv2%2Fmedia&parent=932"}],"wp:term":[{"taxonomy":"product_brand","embeddable":true,"href":"https:\/\/bodegarondelcaribe.com\/index.php?rest_route=%2Fwp%2Fv2%2Fproduct_brand&post=932"},{"taxonomy":"product_cat","embeddable":true,"href":"https:\/\/bodegarondelcaribe.com\/index.php?rest_route=%2Fwp%2Fv2%2Fproduct_cat&post=932"},{"taxonomy":"product_tag","embeddable":true,"href":"https:\/\/bodegarondelcaribe.com\/index.php?rest_route=%2Fwp%2Fv2%2Fproduct_tag&post=932"},{"taxonomy":"pais","embeddable":true,"href":"https:\/\/bodegarondelcaribe.com\/index.php?rest_route=%2Fwp%2Fv2%2Fpais&post=932"}],"curies":[{"name":"wp","href":"https:\/\/api.w.org\/{rel}","templated":true}]}}